{"id":2999,"date":"2014-03-18T10:04:12","date_gmt":"2014-03-18T07:04:12","guid":{"rendered":"https:\/\/www.yssconsulting.com.tr\/iletisim\/"},"modified":"2024-04-18T16:29:15","modified_gmt":"2024-04-18T13:29:15","slug":"contact","status":"publish","type":"page","link":"https:\/\/www.yssconsulting.com.tr\/en\/contact\/","title":{"rendered":"Contact"},"content":{"rendered":"<div class=\"wpb-content-wrapper\"><p>[vc_row type=&#8221;vc_default&#8221; margin_top=&#8221;0&#8243; margin_bottom=&#8221;-35&#8243; css=&#8221;.vc_custom_1529696052056{margin-top: 80px !important;margin-bottom: 30px !important;}&#8221;][vc_column offset=&#8221;vc_col-lg-6 vc_col-md-5 vc_col-xs-12&#8243; css=&#8221;.vc_custom_1529941386437{padding-bottom: 50px !important;}&#8221;]<div id=\"ultimate-heading-897269fabe1ece1c3\" class=\"uvc-heading ult-adjust-bottom-margin ultimate-heading-897269fabe1ece1c3 uvc-5352 accent-border-color\" data-hspacer=\"line_only\"  data-halign=\"left\" style=\"text-align:left\"><div class=\"uvc-main-heading ult-responsive\"  data-ultimate-target='.uvc-heading.ultimate-heading-897269fabe1ece1c3 h2'  data-responsive-json-new='{\"font-size\":\"desktop:26px;\",\"line-height\":\"desktop:36px;\"}' ><h2 style=\"--font-weight:theme;margin-bottom:10px;\">Visit us<\/h2><\/div><div class=\"uvc-heading-spacer line_only\" style=\"margin-bottom:40px;height:3px;\"><span class=\"uvc-headings-line\" style=\"border-style:solid;border-bottom-width:3px;border-color:#ccc;width:80px;\"><\/span><\/div><\/div><div class='ult_hotspot_container ult-adjust-bottom-margin ult-hotspot-tooltip-wrapper ' style=>  <img class='ult_hotspot_image' src=https:\/\/www.yssconsulting.com.tr\/wp-content\/uploads\/2024\/04\/quasar-map-2.jpg alt='null'\/>     <div class='utl-hotspot-items ult-hotspot-item'><div class='ult-hotspot-item  ' style='top:-webkit-calc(37.820015176694994% - 20px);top:-moz-calc(37.820015176694994% - 20px);top:calc(37.820015176694994% - 20px);left: -webkit-calc(47.109754608898626% - 20px);left: -moz-calc(47.109754608898626% - 20px);left: calc(47.109754608898626% - 20px);' >  <div style='z-index: 39;position: relative;'>   <a data-link_style='tootip' data-mycust-id=\"hotspot-tooltip-4681\"  data-ultimate-target='#hotspot-tooltip-4681 .ult-tooltipster-content'  data-responsive-json-new='{\"font-size\":\"desktop:16px;\",\"line-height\":\"desktop:20px;\"}' data-tooltip-content-style=\"width:200px;\"data-tooltip-base-style=\"background-color:rgba(12,73,89,0.91);color:#ffffff;text-align:center;\" data-bubble-arrow=\"true\" data-tooltipanimation=\"glow\"data-tooltip-offsety=\"20\" class='ult-tooltipstered ult-hotspot-tooltip' href='#' data-status='show'><div class=\"ult-just-icon-wrapper  \"><div class=\"align-icon\" style=\"text-align:center;\">\n<div class=\"aio-icon  \"  style=\"font-size:40px;display:inline-block;\">\n\t<i class=\"icomoon-fontawesome-16x16-map-pin\"><\/i>\n<\/div><\/div><\/div><span class='hotspot-tooltip-content'>&lt;\/p&gt;\n&lt;p style=&#039;text-align: center;&#039;&gt;&lt;span style=&#039;color: #ed6e52;&#039;&gt;&lt;strong&gt;YSS CONSULTING&lt;\/strong&gt;&lt;\/span&gt;&lt;br \/&gt;\nWe are here!&lt;\/p&gt;\n&lt;p&gt;<\/span>  <\/a> <\/div><!-- ICON WRAP --> <div class='ult-glow' ><\/div><\/div>\n<\/div>     <div style='color:#000;' data-image='    '><\/div><\/div>[vc_column_text css=&#8221;.vc_custom_1713446948386{padding-bottom: 20px !important;}&#8221;]<\/p>\n<p style=\"text-align: center;\"><span style=\"color: #ed6e52;\"><strong>ADDRES<\/strong><br \/>\n<\/span><strong>Quasar Istanbul<\/strong> &#8211; Fulya Mah. B\u00fcy\u00fckdere Cad. No:76 Office Block Internal Door No: L95 \u015ei\u015fli &#8211; Istanbul, T\u00fcrkiye<\/p>\n<p>[\/vc_column_text][vc_column_text css=&#8221;.vc_custom_1615413779195{padding-bottom: 20px !important;}&#8221;]<\/p>\n<p style=\"text-align: center;\"><span style=\"color: #ed6e52;\"><strong>PHONE<\/strong><br \/>\n<\/span>+90 (212) 465 31 60<br \/>\n+90 (212) 465 55 85<\/p>\n<p>[\/vc_column_text][vc_column_text css=&#8221;.vc_custom_1615413788498{padding-bottom: 0px !important;}&#8221;]<\/p>\n<p style=\"text-align: center;\"><span style=\"color: #ed6e52;\"><strong>FAX<\/strong><br \/>\n<\/span>+90 (212) 465 84 47<\/p>\n<p>[\/vc_column_text][vc_column_text css=&#8221;.vc_custom_1615413798774{padding-bottom: 0px !important;}&#8221;]<\/p>\n<p style=\"text-align: center;\"><span style=\"color: #ed6e52;\"><strong>E-MAIL<\/strong><br \/>\n<\/span>yss@hs01.kep.tr<br \/>\ninfo@yssconsulting.com.tr<\/p>\n<p>[\/vc_column_text][\/vc_column][vc_column offset=&#8221;vc_col-lg-6 vc_col-md-7 vc_col-xs-12&#8243; css=&#8221;.vc_custom_1529941383124{padding-bottom: 50px !important;}&#8221;]<div id=\"ultimate-heading-452169fabe1ece474\" class=\"uvc-heading ult-adjust-bottom-margin ultimate-heading-452169fabe1ece474 uvc-4330 accent-border-color\" data-hspacer=\"line_only\"  data-halign=\"left\" style=\"text-align:left\"><div class=\"uvc-main-heading ult-responsive\"  data-ultimate-target='.uvc-heading.ultimate-heading-452169fabe1ece474 h2'  data-responsive-json-new='{\"font-size\":\"desktop:26px;\",\"line-height\":\"desktop:36px;\"}' ><h2 style=\"--font-weight:theme;margin-bottom:10px;\">Contact Form<\/h2><\/div><div class=\"uvc-heading-spacer line_only\" style=\"margin-bottom:30px;height:3px;\"><span class=\"uvc-headings-line\" style=\"border-style:solid;border-bottom-width:3px;border-color:#ccc;width:80px;\"><\/span><\/div><div class=\"uvc-sub-heading ult-responsive\"  data-ultimate-target='.uvc-heading.ultimate-heading-452169fabe1ece474 .uvc-sub-heading '  data-responsive-json-new='{\"font-size\":\"\",\"line-height\":\"desktop:28px;\"}'  style=\"font-weight:normal;margin-bottom:40px;\">Please use below form for all your suggestions, requests and notifications. We will contact you shortly.<\/div><\/div><form class=\"dt-contact-form dt-form privacy-form\" method=\"post\"><input type=\"hidden\" name=\"widget_id\" value=\"presscore-contact-form-widget--1\" \/><input type=\"hidden\" name=\"send_message\" value=\"\" \/><input type=\"hidden\" name=\"security_token\" value=\"97fad9d4f350b907db52\"\/><div class=\"form-fields\"><span class=\"form-name\"><label class=\"assistive-text\">Name *<\/label><input type=\"text\" class=\"validate[required]\" placeholder=\"Name *\" name=\"name\" value=\"\" aria-required=\"true\">\n<\/span><span class=\"form-mail\"><label class=\"assistive-text\">E-mail *<\/label><input type=\"text\" class=\"validate[required,custom[email]]\" placeholder=\"E-mail *\" name=\"email\" value=\"\" aria-required=\"true\">\n<\/span><span class=\"form-telephone\"><label class=\"assistive-text\">Telephone<\/label><input type=\"text\" placeholder=\"Telephone\" name=\"telephone\" value=\"\" aria-required=\"false\">\n<\/span><span class=\"form-company\"><label class=\"assistive-text\">Company<\/label><input type=\"text\" placeholder=\"Company\" name=\"company\" value=\"\" aria-required=\"false\">\n<\/span><\/div><span class=\"form-message\"><label class=\"assistive-text\">Message *<\/label><textarea class=\"validate[required]\" placeholder=\"Message *\" name=\"message\" rows=\"7\" aria-required=\"true\"><\/textarea>\n<\/span><p class=\"the7-form-terms-wrap\"><input type=\"checkbox\" id=\"the7-form-terms-31d754e8615621112f3956fae2707df8\" name=\"terms\" class=\"validate[required] the7-form-terms\" aria-required=\"true\" \/>&nbsp;<label for=\"the7-form-terms-31d754e8615621112f3956fae2707df8\"><span class=\"form-terms-text\">By using this form, you agree to the storage and processing of your data by this website.<\/span><\/label><\/p><p><a href=\"#\" class=\"dt-btn dt-btn-m dt-btn-submit\" rel=\"nofollow\"><span>Send<\/span><\/a><input class=\"assistive-text\" type=\"submit\" value=\"submit\"><\/p><\/form>\n[\/vc_column][\/vc_row]<\/p>\n<\/div>","protected":false},"excerpt":{"rendered":"<p>[vc_row type=&#8221;vc_default&#8221; margin_top=&#8221;0&#8243; margin_bottom=&#8221;-35&#8243; css=&#8221;.vc_custom_1529696052056{margin-top: 80px !important;margin-bottom: 30px !important;}&#8221;][vc_column offset=&#8221;vc_col-lg-6 vc_col-md-5 vc_col-xs-12&#8243; css=&#8221;.vc_custom_1529941386437{padding-bottom: 50px !important;}&#8221;][vc_column_text css=&#8221;.vc_custom_1713446948386{padding-bottom: 20px !important;}&#8221;] ADDRES Quasar Istanbul &#8211; Fulya Mah. B\u00fcy\u00fckdere Cad. No:76 Office Block Internal Door No: L95 \u015ei\u015fli &#8211; Istanbul, T\u00fcrkiye [\/vc_column_text][vc_column_text css=&#8221;.vc_custom_1615413779195{padding-bottom: 20px !important;}&#8221;] PHONE +90 (212) 465 31 60 +90 (212) 465 55 85 [\/vc_column_text][vc_column_text css=&#8221;.vc_custom_1615413788498{padding-bottom: 0px&hellip;<\/p>\n","protected":false},"author":1,"featured_media":2948,"parent":0,"menu_order":60,"comment_status":"closed","ping_status":"closed","template":"","meta":{"footnotes":""},"class_list":["post-2999","page","type-page","status-publish","has-post-thumbnail","hentry","description-off"],"_links":{"self":[{"href":"https:\/\/www.yssconsulting.com.tr\/en\/wp-json\/wp\/v2\/pages\/2999","targetHints":{"allow":["GET"]}}],"collection":[{"href":"https:\/\/www.yssconsulting.com.tr\/en\/wp-json\/wp\/v2\/pages"}],"about":[{"href":"https:\/\/www.yssconsulting.com.tr\/en\/wp-json\/wp\/v2\/types\/page"}],"author":[{"embeddable":true,"href":"https:\/\/www.yssconsulting.com.tr\/en\/wp-json\/wp\/v2\/users\/1"}],"replies":[{"embeddable":true,"href":"https:\/\/www.yssconsulting.com.tr\/en\/wp-json\/wp\/v2\/comments?post=2999"}],"version-history":[{"count":1,"href":"https:\/\/www.yssconsulting.com.tr\/en\/wp-json\/wp\/v2\/pages\/2999\/revisions"}],"predecessor-version":[{"id":3960,"href":"https:\/\/www.yssconsulting.com.tr\/en\/wp-json\/wp\/v2\/pages\/2999\/revisions\/3960"}],"wp:featuredmedia":[{"embeddable":true,"href":"https:\/\/www.yssconsulting.com.tr\/en\/wp-json\/wp\/v2\/media\/2948"}],"wp:attachment":[{"href":"https:\/\/www.yssconsulting.com.tr\/en\/wp-json\/wp\/v2\/media?parent=2999"}],"curies":[{"name":"wp","href":"https:\/\/api.w.org\/{rel}","templated":true}]}}