{"id":3298,"date":"2020-04-19T23:07:17","date_gmt":"2020-04-19T20:07:17","guid":{"rendered":"https:\/\/www.yssconsulting.com.tr\/hizmetlerimiz\/insan-kaynaklari\/"},"modified":"2021-07-05T04:59:40","modified_gmt":"2021-07-05T01:59:40","slug":"personalangelegenheiten","status":"publish","type":"page","link":"https:\/\/www.yssconsulting.com.tr\/de\/unsere-leistungen\/personalangelegenheiten\/","title":{"rendered":"Personalangelegenheiten"},"content":{"rendered":"<div class=\"wpb-content-wrapper\"><p>[vc_row css=&#8220;.vc_custom_1529688263758{padding-top: 80px !important;padding-bottom: 80px !important;}&#8220;][vc_column offset=&#8220;vc_col-lg-offset-0&#8243;]<div id=\"ultimate-heading-381169e5ea0389c6e\" class=\"uvc-heading ult-adjust-bottom-margin ultimate-heading-381169e5ea0389c6e uvc-7756 \" data-hspacer=\"no_spacer\"  data-halign=\"center\" style=\"text-align:center\"><div class=\"uvc-heading-spacer no_spacer\" style=\"top\"><\/div><div class=\"uvc-main-heading ult-responsive\"  data-ultimate-target='.uvc-heading.ultimate-heading-381169e5ea0389c6e h2'  data-responsive-json-new='{\"font-size\":\"desktop:40px;\",\"line-height\":\"desktop:50px;\"}' ><h2 style=\"--font-weight:theme;margin-bottom:30px;\">Personalangelegenheiten<\/h2><\/div><div class=\"uvc-sub-heading ult-responsive\"  data-ultimate-target='.uvc-heading.ultimate-heading-381169e5ea0389c6e .uvc-sub-heading '  data-responsive-json-new='{\"font-size\":\"desktop:20px;\",\"line-height\":\"desktop:32px;\"}'  style=\"font-weight:normal;\">Die Identifizierung der richtigen Person f\u00fcr den Job bietet einen gro\u00dfen Wettbewerbsvorteil. Es bedeutet eine Person mit einer h\u00f6heren Leistung, mehr Zufriedenheit, mehr Loyalit\u00e4t gegen\u00fcber der Institution, f\u00fcr die sie arbeitet, und einem geringeren Stresslevel. Dar\u00fcber hinaus sind Institutionen, die w\u00e4hrend und nach der Rekrutierung mit psychometrischen Messinstrumenten evaluieren, Institutionen mit h\u00f6herer Rentabilit\u00e4t und Effizienz.<\/p>\n<p>YSS Consulting baut seinen Personalservice unter Ber\u00fccksichtigung aller Funktionen seiner L\u00f6sungspartner, des Personalmanagements und der Ziele der Unternehmen auf.<\/div><\/div>[\/vc_column][\/vc_row][vc_row equal_height=&#8220;yes&#8220; css=&#8220;.vc_custom_1587329329691{padding-bottom: 60px !important;}&#8220;][vc_column width=&#8220;1\/3&#8243; css=&#8220;.vc_custom_1587335588782{background-image: url(https:\/\/cdn.quicq.io\/upbeat-babbage\/uploads\/2020\/04\/human-resources.jpg?id=2635) !important;background-position: center !important;background-repeat: no-repeat !important;background-size: cover !important;}&#8220;][\/vc_column][vc_column width=&#8220;2\/3&#8243; css=&#8220;.vc_custom_1587335725684{padding-right: 20px !important;padding-bottom: 120px !important;padding-left: 40px !important;}&#8220;]<div id=\"ultimate-heading-989969e5ea0389cca\" class=\"uvc-heading ult-adjust-bottom-margin ultimate-heading-989969e5ea0389cca uvc-8731 accent-border-color\" data-hspacer=\"line_only\"  data-halign=\"left\" style=\"text-align:left\"><div class=\"uvc-main-heading ult-responsive\"  data-ultimate-target='.uvc-heading.ultimate-heading-989969e5ea0389cca h2'  data-responsive-json-new='{\"font-size\":\"desktop:26px;\",\"line-height\":\"desktop:36px;\"}' ><h2 style=\"--font-weight:theme;margin-bottom:10px;\">Leistungen<\/h2><\/div><div class=\"uvc-heading-spacer line_only\" style=\"margin-bottom:30px;height:3px;\"><span class=\"uvc-headings-line\" style=\"border-style:solid;border-bottom-width:3px;border-color:#ccc;width:80px;\"><\/span><\/div><\/div><div class=\"standard-number-list bullet-top\"><ul>\n<li>Koordination mit unserem Losungspartner bei der Personalsuche<\/li>\n<\/ul>\n<\/div>[\/vc_column][\/vc_row]<\/p>\n<\/div>","protected":false},"excerpt":{"rendered":"<p>[vc_row css=&#8220;.vc_custom_1529688263758{padding-top: 80px !important;padding-bottom: 80px !important;}&#8220;][vc_column offset=&#8220;vc_col-lg-offset-0&#8243;][\/vc_column][\/vc_row][vc_row equal_height=&#8220;yes&#8220; css=&#8220;.vc_custom_1587329329691{padding-bottom: 60px !important;}&#8220;][vc_column width=&#8220;1\/3&#8243; css=&#8220;.vc_custom_1587335588782{background-image: url(https:\/\/cdn.quicq.io\/upbeat-babbage\/uploads\/2020\/04\/human-resources.jpg?id=2635) !important;background-position: center !important;background-repeat: no-repeat !important;background-size: cover !important;}&#8220;][\/vc_column][vc_column width=&#8220;2\/3&#8243; css=&#8220;.vc_custom_1587335725684{padding-right: 20px !important;padding-bottom: 120px !important;padding-left: 40px !important;}&#8220;][\/vc_column][\/vc_row]<\/p>\n","protected":false},"author":1,"featured_media":3299,"parent":3279,"menu_order":8,"comment_status":"closed","ping_status":"closed","template":"","meta":{"footnotes":""},"class_list":["post-3298","page","type-page","status-publish","has-post-thumbnail","hentry","description-off"],"_links":{"self":[{"href":"https:\/\/www.yssconsulting.com.tr\/de\/wp-json\/wp\/v2\/pages\/3298","targetHints":{"allow":["GET"]}}],"collection":[{"href":"https:\/\/www.yssconsulting.com.tr\/de\/wp-json\/wp\/v2\/pages"}],"about":[{"href":"https:\/\/www.yssconsulting.com.tr\/de\/wp-json\/wp\/v2\/types\/page"}],"author":[{"embeddable":true,"href":"https:\/\/www.yssconsulting.com.tr\/de\/wp-json\/wp\/v2\/users\/1"}],"replies":[{"embeddable":true,"href":"https:\/\/www.yssconsulting.com.tr\/de\/wp-json\/wp\/v2\/comments?post=3298"}],"version-history":[{"count":0,"href":"https:\/\/www.yssconsulting.com.tr\/de\/wp-json\/wp\/v2\/pages\/3298\/revisions"}],"up":[{"embeddable":true,"href":"https:\/\/www.yssconsulting.com.tr\/de\/wp-json\/wp\/v2\/pages\/3279"}],"wp:featuredmedia":[{"embeddable":true,"href":"https:\/\/www.yssconsulting.com.tr\/de\/wp-json\/wp\/v2\/media\/3299"}],"wp:attachment":[{"href":"https:\/\/www.yssconsulting.com.tr\/de\/wp-json\/wp\/v2\/media?parent=3298"}],"curies":[{"name":"wp","href":"https:\/\/api.w.org\/{rel}","templated":true}]}}