{"id":3292,"date":"2020-04-19T23:08:33","date_gmt":"2020-04-19T20:08:33","guid":{"rendered":"https:\/\/www.yssconsulting.com.tr\/hizmetlerimiz\/muhasebe-program-danismanligi\/"},"modified":"2021-07-05T04:59:07","modified_gmt":"2021-07-05T01:59:07","slug":"buchhaltungssoftware-beratung","status":"publish","type":"page","link":"https:\/\/www.yssconsulting.com.tr\/de\/unsere-leistungen\/buchhaltungssoftware-beratung\/","title":{"rendered":"Buchhaltungssoftware Beratung"},"content":{"rendered":"<div class=\"wpb-content-wrapper\"><p>[vc_row css=&#8220;.vc_custom_1529688263758{padding-top: 80px !important;padding-bottom: 80px !important;}&#8220;][vc_column offset=&#8220;vc_col-lg-offset-0&#8243;]<div id=\"ultimate-heading-49276a0318a3df0a7\" class=\"uvc-heading ult-adjust-bottom-margin ultimate-heading-49276a0318a3df0a7 uvc-4094 \" data-hspacer=\"no_spacer\"  data-halign=\"center\" style=\"text-align:center\"><div class=\"uvc-heading-spacer no_spacer\" style=\"top\"><\/div><div class=\"uvc-main-heading ult-responsive\"  data-ultimate-target='.uvc-heading.ultimate-heading-49276a0318a3df0a7 h2'  data-responsive-json-new='{\"font-size\":\"desktop:40px;\",\"line-height\":\"desktop:50px;\"}' ><h2 style=\"--font-weight:theme;margin-bottom:30px;\">Buchhaltungssoftware Beratung<\/h2><\/div><div class=\"uvc-sub-heading ult-responsive\"  data-ultimate-target='.uvc-heading.ultimate-heading-49276a0318a3df0a7 .uvc-sub-heading '  data-responsive-json-new='{\"font-size\":\"desktop:20px;\",\"line-height\":\"desktop:32px;\"}'  style=\"font-weight:normal;\">F\u00fcr Unternehmen, die eines der Buchhaltungsprogramme verwenden m\u00f6chten oder bereits ein Buchhaltungsprogramm verwenden, um die h\u00f6chste Effizienz aus diesen Programmen herauszuholen, die richtige Analyse zu machen, die richtige Entscheidung \u00fcber die Zukunft ihres Unternehmens zu treffen und um die richtigen Berichte zu erhalten, haben wir unsere Kollegen, die ihrem Bereich Experten sind zertifiziert. Mit unserem Wissen beraten wir Unternehmen in den Standards des jeweiligen Programmes.<\/div><\/div>[\/vc_column][\/vc_row][vc_row equal_height=&#8220;yes&#8220; css=&#8220;.vc_custom_1587329329691{padding-bottom: 60px !important;}&#8220;][vc_column width=&#8220;1\/3&#8243; css=&#8220;.vc_custom_1587334161850{background-image: url(https:\/\/cdn.quicq.io\/upbeat-babbage\/uploads\/2020\/04\/accounting-program-consultancy.jpg?id=2629) !important;background-position: center !important;background-repeat: no-repeat !important;background-size: cover !important;}&#8220;][\/vc_column][vc_column width=&#8220;2\/3&#8243; css=&#8220;.vc_custom_1587329348350{padding-right: 20px !important;padding-left: 40px !important;}&#8220;]<div id=\"ultimate-heading-91756a0318a3df105\" class=\"uvc-heading ult-adjust-bottom-margin ultimate-heading-91756a0318a3df105 uvc-1409 accent-border-color\" data-hspacer=\"line_only\"  data-halign=\"left\" style=\"text-align:left\"><div class=\"uvc-main-heading ult-responsive\"  data-ultimate-target='.uvc-heading.ultimate-heading-91756a0318a3df105 h2'  data-responsive-json-new='{\"font-size\":\"desktop:26px;\",\"line-height\":\"desktop:36px;\"}' ><h2 style=\"--font-weight:theme;margin-bottom:10px;\">Leistungen<\/h2><\/div><div class=\"uvc-heading-spacer line_only\" style=\"margin-bottom:30px;height:3px;\"><span class=\"uvc-headings-line\" style=\"border-style:solid;border-bottom-width:3px;border-color:#ccc;width:80px;\"><\/span><\/div><\/div><div class=\"standard-number-list bullet-top\"><ul>\n<li>Implementierung und Beratung zu lokalen SAP-Anwendungen.<\/li>\n<li>Buchhaltungsdienste auf SAP<\/li>\n<li>Cloud-basierte Buchhaltungs- und Berichtssoftware.<\/li>\n<li>Auf Ihre Unternehmen zugeschnittene Software.<\/li>\n<li>Implementierungs- und Buchhaltungsdienste f\u00fcr alle Buchhaltungssoftwareprogramme.<\/li>\n<\/ul>\n<\/div>[\/vc_column][\/vc_row]<\/p>\n<\/div>","protected":false},"excerpt":{"rendered":"<p>[vc_row css=&#8220;.vc_custom_1529688263758{padding-top: 80px !important;padding-bottom: 80px !important;}&#8220;][vc_column offset=&#8220;vc_col-lg-offset-0&#8243;][\/vc_column][\/vc_row][vc_row equal_height=&#8220;yes&#8220; css=&#8220;.vc_custom_1587329329691{padding-bottom: 60px !important;}&#8220;][vc_column width=&#8220;1\/3&#8243; css=&#8220;.vc_custom_1587334161850{background-image: url(https:\/\/cdn.quicq.io\/upbeat-babbage\/uploads\/2020\/04\/accounting-program-consultancy.jpg?id=2629) !important;background-position: center !important;background-repeat: no-repeat !important;background-size: cover !important;}&#8220;][\/vc_column][vc_column width=&#8220;2\/3&#8243; css=&#8220;.vc_custom_1587329348350{padding-right: 20px !important;padding-left: 40px !important;}&#8220;][\/vc_column][\/vc_row]<\/p>\n","protected":false},"author":1,"featured_media":3293,"parent":3279,"menu_order":5,"comment_status":"closed","ping_status":"closed","template":"","meta":{"footnotes":""},"class_list":["post-3292","page","type-page","status-publish","has-post-thumbnail","hentry","description-off"],"_links":{"self":[{"href":"https:\/\/www.yssconsulting.com.tr\/de\/wp-json\/wp\/v2\/pages\/3292","targetHints":{"allow":["GET"]}}],"collection":[{"href":"https:\/\/www.yssconsulting.com.tr\/de\/wp-json\/wp\/v2\/pages"}],"about":[{"href":"https:\/\/www.yssconsulting.com.tr\/de\/wp-json\/wp\/v2\/types\/page"}],"author":[{"embeddable":true,"href":"https:\/\/www.yssconsulting.com.tr\/de\/wp-json\/wp\/v2\/users\/1"}],"replies":[{"embeddable":true,"href":"https:\/\/www.yssconsulting.com.tr\/de\/wp-json\/wp\/v2\/comments?post=3292"}],"version-history":[{"count":0,"href":"https:\/\/www.yssconsulting.com.tr\/de\/wp-json\/wp\/v2\/pages\/3292\/revisions"}],"up":[{"embeddable":true,"href":"https:\/\/www.yssconsulting.com.tr\/de\/wp-json\/wp\/v2\/pages\/3279"}],"wp:featuredmedia":[{"embeddable":true,"href":"https:\/\/www.yssconsulting.com.tr\/de\/wp-json\/wp\/v2\/media\/3293"}],"wp:attachment":[{"href":"https:\/\/www.yssconsulting.com.tr\/de\/wp-json\/wp\/v2\/media?parent=3292"}],"curies":[{"name":"wp","href":"https:\/\/api.w.org\/{rel}","templated":true}]}}