{"id":3285,"date":"2020-04-19T23:08:07","date_gmt":"2020-04-19T20:08:07","guid":{"rendered":"https:\/\/www.yssconsulting.com.tr\/hizmetlerimiz\/muhasebe-ve-mali-musavirlik-hizmetleri\/"},"modified":"2021-07-05T04:58:30","modified_gmt":"2021-07-05T01:58:30","slug":"buchhaltungs-und-finanzberatungsleistungen","status":"publish","type":"page","link":"https:\/\/www.yssconsulting.com.tr\/de\/unsere-leistungen\/buchhaltungs-und-finanzberatungsleistungen\/","title":{"rendered":"Buchhaltungs und Finanzberatungsleistungen"},"content":{"rendered":"<div class=\"wpb-content-wrapper\"><p>[vc_row css=&#8220;.vc_custom_1529688263758{padding-top: 80px !important;padding-bottom: 80px !important;}&#8220;][vc_column offset=&#8220;vc_col-lg-offset-0&#8243;]<div id=\"ultimate-heading-42466a0318320398d\" class=\"uvc-heading ult-adjust-bottom-margin ultimate-heading-42466a0318320398d uvc-3861 \" data-hspacer=\"no_spacer\"  data-halign=\"center\" style=\"text-align:center\"><div class=\"uvc-heading-spacer no_spacer\" style=\"top\"><\/div><div class=\"uvc-main-heading ult-responsive\"  data-ultimate-target='.uvc-heading.ultimate-heading-42466a0318320398d h2'  data-responsive-json-new='{\"font-size\":\"desktop:40px;\",\"line-height\":\"desktop:50px;\"}' ><h2 style=\"--font-weight:theme;margin-bottom:30px;\">Buchhaltungs und Finanzberatungsleistungen<\/h2><\/div><div class=\"uvc-sub-heading ult-responsive\"  data-ultimate-target='.uvc-heading.ultimate-heading-42466a0318320398d .uvc-sub-heading '  data-responsive-json-new='{\"font-size\":\"desktop:20px;\",\"line-height\":\"desktop:32px;\"}'  style=\"font-weight:normal;\">Das zunehmend wettbewerbsintensive Umfeld des Wirtschaftslebens und die sich st\u00e4ndig \u00e4ndernden gesetzlichen Regelungen haben es Unternehmen zur Pflicht gemacht, ihre Finanztransaktionsprozesse m\u00f6glichst effizient und korrekt zu gestalten.<\/p>\n<p>Durch die Fokussierung auf die eigenen T\u00e4tigkeitsfelder und die Lieferung der f\u00fcr die Gegenwart und Zukunft des Unternehmens kritischen Finanztransaktionsprozesse an professionelle und kompetente Unternehmen, die &#8222;Buchhaltung und Finanz Dienstleistungen&#8220; anbieten, erreichen Unternehmen ihre Ziele wie Wachstum, Profitabilit\u00e4t und \u00d6ffnung f\u00fcr internationale M\u00e4rkte entschiedener.<\/p>\n<p>Wir als YSS Consulting \u201eOutsourcing Partner\u201c helfen unseren Kunden, ihre finanziellen und operativen Ziele zu erreichen, indem wir mit unseren Fach- und F\u00fchrungskr\u00e4ften zahlreiche L\u00f6sungen in der Buchhaltung und Finanzberatung anbieten.<\/div><\/div>[\/vc_column][\/vc_row][vc_row equal_height=&#8220;yes&#8220; css=&#8220;.vc_custom_1587329329691{padding-bottom: 60px !important;}&#8220;][vc_column width=&#8220;1\/3&#8243; css=&#8220;.vc_custom_1587331354853{background-image: url(https:\/\/cdn.quicq.io\/upbeat-babbage\/uploads\/2020\/04\/yss-accounting-and-financial-advisory-service.jpg?id=2621) !important;background-position: center !important;background-repeat: no-repeat !important;background-size: cover !important;}&#8220;][\/vc_column][vc_column width=&#8220;2\/3&#8243; css=&#8220;.vc_custom_1587329348350{padding-right: 20px !important;padding-left: 40px !important;}&#8220;]<div id=\"ultimate-heading-46156a031832039eb\" class=\"uvc-heading ult-adjust-bottom-margin ultimate-heading-46156a031832039eb uvc-3306 accent-border-color\" data-hspacer=\"line_only\"  data-halign=\"left\" style=\"text-align:left\"><div class=\"uvc-main-heading ult-responsive\"  data-ultimate-target='.uvc-heading.ultimate-heading-46156a031832039eb h2'  data-responsive-json-new='{\"font-size\":\"desktop:26px;\",\"line-height\":\"desktop:36px;\"}' ><h2 style=\"--font-weight:theme;margin-bottom:10px;\">Leistungen<\/h2><\/div><div class=\"uvc-heading-spacer line_only\" style=\"margin-bottom:30px;height:3px;\"><span class=\"uvc-headings-line\" style=\"border-style:solid;border-bottom-width:3px;border-color:#ccc;width:80px;\"><\/span><\/div><\/div><div class=\"standard-number-list bullet-top\"><ul>\n<li>F\u00fchrung der Buchhaltungsunterlagen<\/li>\n<li>Rechnungskontrolle von Einnahmen und Ausgaben<\/li>\n<li>Kontrolle von Kundenkontokorrentkonten, Abstimmung, Inkasso und Auszahlungen<\/li>\n<li>Verfolgung von Bank- und Finanzvorg\u00e4ngen, Zahlungsabwicklung<\/li>\n<li>Kontrolle und Verfolgung der Lagerhaltung<\/li>\n<li>Kostenbuchhaltung<\/li>\n<li>Regelm\u00e4\u00dfige Erkl\u00e4rungen: MwSt., Abzugssteuer, viertelj\u00e4hrliche Vorsteuer, Ba\/ Bs Formulare und vorgeschriebene Meldungen an das Finanzamt<\/li>\n<li>J\u00e4hrliche K\u00f6rperschaftssteuererkl\u00e4rung, Erstellung der Finanzausweise, Durchf\u00fchrung von Finanzanalysen<\/li>\n<li>\u00dcberpr\u00fcfung von Aufzeichnungen und Unterlagen<\/li>\n<\/ul>\n<\/div>[\/vc_column][\/vc_row]<\/p>\n<\/div>","protected":false},"excerpt":{"rendered":"<p>[vc_row css=&#8220;.vc_custom_1529688263758{padding-top: 80px !important;padding-bottom: 80px !important;}&#8220;][vc_column offset=&#8220;vc_col-lg-offset-0&#8243;][\/vc_column][\/vc_row][vc_row equal_height=&#8220;yes&#8220; css=&#8220;.vc_custom_1587329329691{padding-bottom: 60px !important;}&#8220;][vc_column width=&#8220;1\/3&#8243; css=&#8220;.vc_custom_1587331354853{background-image: url(https:\/\/cdn.quicq.io\/upbeat-babbage\/uploads\/2020\/04\/yss-accounting-and-financial-advisory-service.jpg?id=2621) !important;background-position: center !important;background-repeat: no-repeat !important;background-size: cover !important;}&#8220;][\/vc_column][vc_column width=&#8220;2\/3&#8243; css=&#8220;.vc_custom_1587329348350{padding-right: 20px !important;padding-left: 40px !important;}&#8220;][\/vc_column][\/vc_row]<\/p>\n","protected":false},"author":1,"featured_media":3286,"parent":3279,"menu_order":2,"comment_status":"closed","ping_status":"closed","template":"","meta":{"footnotes":""},"class_list":["post-3285","page","type-page","status-publish","has-post-thumbnail","hentry","description-off"],"_links":{"self":[{"href":"https:\/\/www.yssconsulting.com.tr\/de\/wp-json\/wp\/v2\/pages\/3285","targetHints":{"allow":["GET"]}}],"collection":[{"href":"https:\/\/www.yssconsulting.com.tr\/de\/wp-json\/wp\/v2\/pages"}],"about":[{"href":"https:\/\/www.yssconsulting.com.tr\/de\/wp-json\/wp\/v2\/types\/page"}],"author":[{"embeddable":true,"href":"https:\/\/www.yssconsulting.com.tr\/de\/wp-json\/wp\/v2\/users\/1"}],"replies":[{"embeddable":true,"href":"https:\/\/www.yssconsulting.com.tr\/de\/wp-json\/wp\/v2\/comments?post=3285"}],"version-history":[{"count":0,"href":"https:\/\/www.yssconsulting.com.tr\/de\/wp-json\/wp\/v2\/pages\/3285\/revisions"}],"up":[{"embeddable":true,"href":"https:\/\/www.yssconsulting.com.tr\/de\/wp-json\/wp\/v2\/pages\/3279"}],"wp:featuredmedia":[{"embeddable":true,"href":"https:\/\/www.yssconsulting.com.tr\/de\/wp-json\/wp\/v2\/media\/3286"}],"wp:attachment":[{"href":"https:\/\/www.yssconsulting.com.tr\/de\/wp-json\/wp\/v2\/media?parent=3285"}],"curies":[{"name":"wp","href":"https:\/\/api.w.org\/{rel}","templated":true}]}}