{"id":3283,"date":"2020-04-19T23:06:25","date_gmt":"2020-04-19T20:06:25","guid":{"rendered":"https:\/\/www.yssconsulting.com.tr\/hizmetlerimiz\/sirket-kurulusu\/"},"modified":"2021-07-05T04:58:04","modified_gmt":"2021-07-05T01:58:04","slug":"gesellschaftsgruendung-und-verwaltung","status":"publish","type":"page","link":"https:\/\/www.yssconsulting.com.tr\/de\/unsere-leistungen\/gesellschaftsgruendung-und-verwaltung\/","title":{"rendered":"Gesellschaftsgr\u00fcndung und Verwaltung"},"content":{"rendered":"<div class=\"wpb-content-wrapper\"><p>[vc_row css=&#8220;.vc_custom_1529688263758{padding-top: 80px !important;padding-bottom: 80px !important;}&#8220;][vc_column offset=&#8220;vc_col-lg-offset-0&#8243;]<div id=\"ultimate-heading-882069e5ea3b6aebe\" class=\"uvc-heading ult-adjust-bottom-margin ultimate-heading-882069e5ea3b6aebe uvc-8217 \" data-hspacer=\"no_spacer\"  data-halign=\"center\" style=\"text-align:center\"><div class=\"uvc-heading-spacer no_spacer\" style=\"top\"><\/div><div class=\"uvc-main-heading ult-responsive\"  data-ultimate-target='.uvc-heading.ultimate-heading-882069e5ea3b6aebe h2'  data-responsive-json-new='{\"font-size\":\"desktop:40px;\",\"line-height\":\"desktop:50px;\"}' ><h2 style=\"--font-weight:theme;margin-bottom:30px;\">Gesellschaftsgr\u00fcndung und Verwaltung<\/h2><\/div><div class=\"uvc-sub-heading ult-responsive\"  data-ultimate-target='.uvc-heading.ultimate-heading-882069e5ea3b6aebe .uvc-sub-heading '  data-responsive-json-new='{\"font-size\":\"desktop:20px;\",\"line-height\":\"desktop:32px;\"}'  style=\"font-weight:normal;\">Alles beginnt mit einer guten Idee, Ihrer Gesch\u00e4ftsidee. Aber eine gute Idee allein ist nur die halbe Miete zum Erfolg. Eine Unternehmensgr\u00fcndung erfordert einen kritischen Blick auf den Businessplan, Marktorientierung, Produkt- und Servicekenntnisse, solide betriebswirtschaftliche Kenntnisse und Orientierung im komplexen steuerlichen Umfeld. Hinzu kommen die verschiedenen Verwaltungsverfahren, die steuerliche und sozialversicherungsrechtliche Anmeldung, Dokumentations- und Meldepflichten, Finanzierungsentscheidungen und die Einrichtung einer entsprechenden kaufm\u00e4nnischen Organisation.<\/div><\/div>[\/vc_column][\/vc_row][vc_row equal_height=&#8220;yes&#8220; css=&#8220;.vc_custom_1587329329691{padding-bottom: 60px !important;}&#8220;][vc_column width=&#8220;1\/3&#8243; css=&#8220;.vc_custom_1587329461732{background-image: url(https:\/\/cdn.quicq.io\/upbeat-babbage\/uploads\/2020\/04\/company-foundation-1.jpg?id=853) !important;background-position: center !important;background-repeat: no-repeat !important;background-size: cover !important;}&#8220;][\/vc_column][vc_column width=&#8220;2\/3&#8243; css=&#8220;.vc_custom_1587329348350{padding-right: 20px !important;padding-left: 40px !important;}&#8220;]<div id=\"ultimate-heading-99269e5ea3b6af1b\" class=\"uvc-heading ult-adjust-bottom-margin ultimate-heading-99269e5ea3b6af1b uvc-1392 accent-border-color\" data-hspacer=\"line_only\"  data-halign=\"left\" style=\"text-align:left\"><div class=\"uvc-main-heading ult-responsive\"  data-ultimate-target='.uvc-heading.ultimate-heading-99269e5ea3b6af1b h2'  data-responsive-json-new='{\"font-size\":\"desktop:26px;\",\"line-height\":\"desktop:36px;\"}' ><h2 style=\"--font-weight:theme;margin-bottom:10px;\">Prozess Zeit<\/h2><\/div><div class=\"uvc-heading-spacer line_only\" style=\"margin-bottom:30px;height:3px;\"><span class=\"uvc-headings-line\" style=\"border-style:solid;border-bottom-width:3px;border-color:#ccc;width:80px;\"><\/span><\/div><\/div><div class=\"standard-number-list bullet-top\"><ul>\n<li>Aufstellung der Liste von Dokumenten und Unterlagen, die bei einer Firmengr\u00fcndung oder bei Investitionen in der T\u00fcrkei von nat\u00fcrlichen und\/oder juristischen Personen einzureichen sind, und Erkl\u00e4rung der Vorgangsabfolge.<\/li>\n<li>Beratung zur Erstellung der Firmenstatuten einer neu zu gr\u00fcndender Firma: Partnerstruktur, Niederlassung, Gesch\u00e4ftsf\u00fchrung, Vertretungsvollmachten, Kapitalanteile<\/li>\n<li>Erstellung der Firmenstatuten je nach gew\u00e4hltem Wirtschaftszweig<\/li>\n<li>Erledigung s\u00e4mtlichem Vorgang bei Handelskammern, Handelsregistern, Notariaten und staatlichen Beh\u00f6rden<\/li>\n<li>Einholung bei Beh\u00f6rden von Zulassungen, Genehmigungen und sonstiger erforderlicher Bescheinigungen<\/li>\n<li>Eintragung beim Finanzamt<\/li>\n<li>Eintragung bei Sozialeinrichtung en einschlie\u00dflich der Sozialversicherungsanstalt (SGK)<\/li>\n<li>Bei Bedarf Bereitstellung einer Kontaktanschrift zur Durchf\u00fchrung des Vorgangs zur Firmeneintragung<\/li>\n<li>Bei Bedarf Stellung eines Gesch\u00e4ftsf\u00fchrers zur Firmenvertretung gegen\u00fcber dem Finanzamt in der Gr\u00fcndungsphase und dar\u00fcber hinaus<\/li>\n<li>Bereitstellung von voll ausgestatteten B\u00fcros nebst B\u00fcroleistungen, kurzfristige Bereitstellung eines Schreibtisches oder Arbeitsraumes.<\/li>\n<\/ul>\n<\/div>[\/vc_column][\/vc_row]<\/p>\n<\/div>","protected":false},"excerpt":{"rendered":"<p>[vc_row css=&#8220;.vc_custom_1529688263758{padding-top: 80px !important;padding-bottom: 80px !important;}&#8220;][vc_column offset=&#8220;vc_col-lg-offset-0&#8243;][\/vc_column][\/vc_row][vc_row equal_height=&#8220;yes&#8220; css=&#8220;.vc_custom_1587329329691{padding-bottom: 60px !important;}&#8220;][vc_column width=&#8220;1\/3&#8243; css=&#8220;.vc_custom_1587329461732{background-image: url(https:\/\/cdn.quicq.io\/upbeat-babbage\/uploads\/2020\/04\/company-foundation-1.jpg?id=853) !important;background-position: center !important;background-repeat: no-repeat !important;background-size: cover !important;}&#8220;][\/vc_column][vc_column width=&#8220;2\/3&#8243; css=&#8220;.vc_custom_1587329348350{padding-right: 20px !important;padding-left: 40px !important;}&#8220;][\/vc_column][\/vc_row]<\/p>\n","protected":false},"author":1,"featured_media":3284,"parent":3279,"menu_order":1,"comment_status":"closed","ping_status":"closed","template":"","meta":{"footnotes":""},"class_list":["post-3283","page","type-page","status-publish","has-post-thumbnail","hentry","description-off"],"_links":{"self":[{"href":"https:\/\/www.yssconsulting.com.tr\/de\/wp-json\/wp\/v2\/pages\/3283","targetHints":{"allow":["GET"]}}],"collection":[{"href":"https:\/\/www.yssconsulting.com.tr\/de\/wp-json\/wp\/v2\/pages"}],"about":[{"href":"https:\/\/www.yssconsulting.com.tr\/de\/wp-json\/wp\/v2\/types\/page"}],"author":[{"embeddable":true,"href":"https:\/\/www.yssconsulting.com.tr\/de\/wp-json\/wp\/v2\/users\/1"}],"replies":[{"embeddable":true,"href":"https:\/\/www.yssconsulting.com.tr\/de\/wp-json\/wp\/v2\/comments?post=3283"}],"version-history":[{"count":0,"href":"https:\/\/www.yssconsulting.com.tr\/de\/wp-json\/wp\/v2\/pages\/3283\/revisions"}],"up":[{"embeddable":true,"href":"https:\/\/www.yssconsulting.com.tr\/de\/wp-json\/wp\/v2\/pages\/3279"}],"wp:featuredmedia":[{"embeddable":true,"href":"https:\/\/www.yssconsulting.com.tr\/de\/wp-json\/wp\/v2\/media\/3284"}],"wp:attachment":[{"href":"https:\/\/www.yssconsulting.com.tr\/de\/wp-json\/wp\/v2\/media?parent=3283"}],"curies":[{"name":"wp","href":"https:\/\/api.w.org\/{rel}","templated":true}]}}