{"id":3246,"date":"2014-03-18T10:04:12","date_gmt":"2014-03-18T07:04:12","guid":{"rendered":"https:\/\/www.yssconsulting.com.tr\/iletisim\/"},"modified":"2024-04-18T16:45:30","modified_gmt":"2024-04-18T13:45:30","slug":"kontakt","status":"publish","type":"page","link":"https:\/\/www.yssconsulting.com.tr\/de\/kontakt\/","title":{"rendered":"Kontakt"},"content":{"rendered":"<div class=\"wpb-content-wrapper\"><p>[vc_row type=&#8220;vc_default&#8220; margin_top=&#8220;0&#8243; margin_bottom=&#8220;-35&#8243; css=&#8220;.vc_custom_1529696052056{margin-top: 80px !important;margin-bottom: 30px !important;}&#8220;][vc_column offset=&#8220;vc_col-lg-6 vc_col-md-5 vc_col-xs-12&#8243; css=&#8220;.vc_custom_1529941386437{padding-bottom: 50px !important;}&#8220;]<div id=\"ultimate-heading-648269f872dc17a7c\" class=\"uvc-heading ult-adjust-bottom-margin ultimate-heading-648269f872dc17a7c uvc-2275 accent-border-color\" data-hspacer=\"line_only\"  data-halign=\"left\" style=\"text-align:left\"><div class=\"uvc-main-heading ult-responsive\"  data-ultimate-target='.uvc-heading.ultimate-heading-648269f872dc17a7c h2'  data-responsive-json-new='{\"font-size\":\"desktop:26px;\",\"line-height\":\"desktop:36px;\"}' ><h2 style=\"--font-weight:theme;margin-bottom:10px;\">Besuchen Sie uns<\/h2><\/div><div class=\"uvc-heading-spacer line_only\" style=\"margin-bottom:40px;height:3px;\"><span class=\"uvc-headings-line\" style=\"border-style:solid;border-bottom-width:3px;border-color:#ccc;width:80px;\"><\/span><\/div><\/div><div class='ult_hotspot_container ult-adjust-bottom-margin ult-hotspot-tooltip-wrapper ' style=>  <img class='ult_hotspot_image' src=https:\/\/www.yssconsulting.com.tr\/wp-content\/uploads\/2024\/04\/quasar-map-2.jpg alt='null'\/>     <div class='utl-hotspot-items ult-hotspot-item'><div class='ult-hotspot-item  ' style='top:-webkit-calc(37.820015176694994% - 20px);top:-moz-calc(37.820015176694994% - 20px);top:calc(37.820015176694994% - 20px);left: -webkit-calc(47.109754608898626% - 20px);left: -moz-calc(47.109754608898626% - 20px);left: calc(47.109754608898626% - 20px);' >  <div style='z-index: 39;position: relative;'>   <a data-link_style='tootip' data-mycust-id=\"hotspot-tooltip-5102\"  data-ultimate-target='#hotspot-tooltip-5102 .ult-tooltipster-content'  data-responsive-json-new='{\"font-size\":\"desktop:16px;\",\"line-height\":\"desktop:20px;\"}' data-tooltip-content-style=\"width:200px;\"data-tooltip-base-style=\"background-color:rgba(12,73,89,0.91);color:#ffffff;text-align:center;\" data-bubble-arrow=\"true\" data-tooltipanimation=\"glow\"data-tooltip-offsety=\"20\" class='ult-tooltipstered ult-hotspot-tooltip' href='#' data-status='show'><div class=\"ult-just-icon-wrapper  \"><div class=\"align-icon\" style=\"text-align:center;\">\n<div class=\"aio-icon  \"  style=\"font-size:40px;display:inline-block;\">\n\t<i class=\"icomoon-fontawesome-16x16-map-pin\"><\/i>\n<\/div><\/div><\/div><span class='hotspot-tooltip-content'>&lt;\/p&gt;\n&lt;p style=&#039;text-align: center;&#039;&gt;&lt;span style=&#039;color: #ed6e52;&#039;&gt;&lt;strong&gt;YSS CONSULTING&lt;\/strong&gt;&lt;\/span&gt;&lt;br \/&gt;\nist hier!&lt;\/p&gt;\n&lt;p&gt;<\/span>  <\/a> <\/div><!-- ICON WRAP --> <div class='ult-glow' ><\/div><\/div>\n<\/div>     <div style='color:#000;' data-image='    '><\/div><\/div>[vc_column_text css=&#8220;.vc_custom_1713447920487{padding-bottom: 20px !important;}&#8220;]<\/p>\n<p style=\"text-align: center;\"><span style=\"color: #ed6e52;\"><strong>Adresse<\/strong><br \/>\n<\/span><strong>Quasar Istanbul<\/strong> &#8211; Fulya Mah. B\u00fcy\u00fckdere Cad. Nr.:76 B\u00fcrogeb\u00e4ude Innent\u00fcr Nr.: L95 \u015ei\u015fli &#8211; Istanbul, <span class=\"HwtZe\" lang=\"en\"><span class=\"jCAhz ChMk0b\"><span class=\"ryNqvb\">T\u00fcrkiye<\/span><\/span><\/span><\/p>\n<p>[\/vc_column_text][vc_column_text css=&#8220;.vc_custom_1625398073559{padding-bottom: 20px !important;}&#8220;]<\/p>\n<p style=\"text-align: center;\"><span style=\"color: #ed6e52;\"><strong>Telefon<\/strong><br \/>\n<\/span>+90 (212) 465 31 60<br \/>\n+90 (212) 465 55 85<\/p>\n<p>[\/vc_column_text][vc_column_text css=&#8220;.vc_custom_1625398086343{padding-bottom: 0px !important;}&#8220;]<\/p>\n<p style=\"text-align: center;\"><span style=\"color: #ed6e52;\"><strong>Fax<\/strong><br \/>\n<\/span>+90 (212) 465 84 47<\/p>\n<p>[\/vc_column_text][vc_column_text css=&#8220;.vc_custom_1625398114239{padding-bottom: 0px !important;}&#8220;]<\/p>\n<p style=\"text-align: center;\"><span style=\"color: #ed6e52;\"><strong>E-Mail<\/strong><br \/>\n<\/span>yss@hs01.kep.tr<br \/>\ninfo@yssconsulting.com.tr<\/p>\n<p>[\/vc_column_text][\/vc_column][vc_column offset=&#8220;vc_col-lg-6 vc_col-md-7 vc_col-xs-12&#8243; css=&#8220;.vc_custom_1529941383124{padding-bottom: 50px !important;}&#8220;]<div id=\"ultimate-heading-762369f872dc17cf3\" class=\"uvc-heading ult-adjust-bottom-margin ultimate-heading-762369f872dc17cf3 uvc-7978 accent-border-color\" data-hspacer=\"line_only\"  data-halign=\"left\" style=\"text-align:left\"><div class=\"uvc-main-heading ult-responsive\"  data-ultimate-target='.uvc-heading.ultimate-heading-762369f872dc17cf3 h2'  data-responsive-json-new='{\"font-size\":\"desktop:26px;\",\"line-height\":\"desktop:36px;\"}' ><h2 style=\"--font-weight:theme;margin-bottom:10px;\">Kontakt Formular<\/h2><\/div><div class=\"uvc-heading-spacer line_only\" style=\"margin-bottom:30px;height:3px;\"><span class=\"uvc-headings-line\" style=\"border-style:solid;border-bottom-width:3px;border-color:#ccc;width:80px;\"><\/span><\/div><div class=\"uvc-sub-heading ult-responsive\"  data-ultimate-target='.uvc-heading.ultimate-heading-762369f872dc17cf3 .uvc-sub-heading '  data-responsive-json-new='{\"font-size\":\"\",\"line-height\":\"desktop:28px;\"}'  style=\"font-weight:normal;margin-bottom:40px;\">Bitte benutzen Sie das untenstehende Formular f\u00fcr alle Ihre Vorschl\u00e4ge, W\u00fcnsche und Benachrichtigungen. Wir werden Sie in K\u00fcrze kontaktieren.<\/div><\/div><form class=\"dt-contact-form dt-form privacy-form\" method=\"post\"><input type=\"hidden\" name=\"widget_id\" value=\"presscore-contact-form-widget--1\" \/><input type=\"hidden\" name=\"send_message\" value=\"\" \/><input type=\"hidden\" name=\"security_token\" value=\"97fad9d4f350b907db52\"\/><div class=\"form-fields\"><span class=\"form-name\"><label class=\"assistive-text\">Name *<\/label><input type=\"text\" class=\"validate[required]\" placeholder=\"Name *\" name=\"name\" value=\"\" aria-required=\"true\">\n<\/span><span class=\"form-mail\"><label class=\"assistive-text\">E-Mail *<\/label><input type=\"text\" class=\"validate[required,custom[email]]\" placeholder=\"E-Mail *\" name=\"email\" value=\"\" aria-required=\"true\">\n<\/span><span class=\"form-telephone\"><label class=\"assistive-text\">Telefon<\/label><input type=\"text\" placeholder=\"Telefon\" name=\"telephone\" value=\"\" aria-required=\"false\">\n<\/span><span class=\"form-company\"><label class=\"assistive-text\">Firma<\/label><input type=\"text\" placeholder=\"Firma\" name=\"company\" value=\"\" aria-required=\"false\">\n<\/span><\/div><span class=\"form-message\"><label class=\"assistive-text\">Nachricht *<\/label><textarea class=\"validate[required]\" placeholder=\"Nachricht *\" name=\"message\" rows=\"7\" aria-required=\"true\"><\/textarea>\n<\/span><p class=\"the7-form-terms-wrap\"><input type=\"checkbox\" id=\"the7-form-terms-7e712eefe0de44f5509b2329b9196827\" name=\"terms\" class=\"validate[required] the7-form-terms\" aria-required=\"true\" \/>&nbsp;<label for=\"the7-form-terms-7e712eefe0de44f5509b2329b9196827\"><span class=\"form-terms-text\">Mit der Nutzung dieses Formulars erkl\u00e4ren Sie sich mit der Speicherung und Verarbeitung Ihrer Daten durch diese Website einverstanden.<\/span><\/label><\/p><p><a href=\"#\" class=\"dt-btn dt-btn-m dt-btn-submit\" rel=\"nofollow\"><span>Senden<\/span><\/a><input class=\"assistive-text\" type=\"submit\" value=\"absenden\"><\/p><\/form>\n[\/vc_column][\/vc_row]<\/p>\n<\/div>","protected":false},"excerpt":{"rendered":"<p>[vc_row type=&#8220;vc_default&#8220; margin_top=&#8220;0&#8243; margin_bottom=&#8220;-35&#8243; css=&#8220;.vc_custom_1529696052056{margin-top: 80px !important;margin-bottom: 30px !important;}&#8220;][vc_column offset=&#8220;vc_col-lg-6 vc_col-md-5 vc_col-xs-12&#8243; css=&#8220;.vc_custom_1529941386437{padding-bottom: 50px !important;}&#8220;][vc_column_text css=&#8220;.vc_custom_1713447920487{padding-bottom: 20px !important;}&#8220;] Adresse Quasar Istanbul &#8211; Fulya Mah. B\u00fcy\u00fckdere Cad. Nr.:76 B\u00fcrogeb\u00e4ude Innent\u00fcr Nr.: L95 \u015ei\u015fli &#8211; Istanbul, T\u00fcrkiye [\/vc_column_text][vc_column_text css=&#8220;.vc_custom_1625398073559{padding-bottom: 20px !important;}&#8220;] Telefon +90 (212) 465 31 60 +90 (212) 465 55 85 [\/vc_column_text][vc_column_text css=&#8220;.vc_custom_1625398086343{padding-bottom: 0px !important;}&#8220;] Fax&hellip;<\/p>\n","protected":false},"author":1,"featured_media":3248,"parent":0,"menu_order":60,"comment_status":"closed","ping_status":"closed","template":"","meta":{"footnotes":""},"class_list":["post-3246","page","type-page","status-publish","has-post-thumbnail","hentry","description-off"],"_links":{"self":[{"href":"https:\/\/www.yssconsulting.com.tr\/de\/wp-json\/wp\/v2\/pages\/3246","targetHints":{"allow":["GET"]}}],"collection":[{"href":"https:\/\/www.yssconsulting.com.tr\/de\/wp-json\/wp\/v2\/pages"}],"about":[{"href":"https:\/\/www.yssconsulting.com.tr\/de\/wp-json\/wp\/v2\/types\/page"}],"author":[{"embeddable":true,"href":"https:\/\/www.yssconsulting.com.tr\/de\/wp-json\/wp\/v2\/users\/1"}],"replies":[{"embeddable":true,"href":"https:\/\/www.yssconsulting.com.tr\/de\/wp-json\/wp\/v2\/comments?post=3246"}],"version-history":[{"count":2,"href":"https:\/\/www.yssconsulting.com.tr\/de\/wp-json\/wp\/v2\/pages\/3246\/revisions"}],"predecessor-version":[{"id":3963,"href":"https:\/\/www.yssconsulting.com.tr\/de\/wp-json\/wp\/v2\/pages\/3246\/revisions\/3963"}],"wp:featuredmedia":[{"embeddable":true,"href":"https:\/\/www.yssconsulting.com.tr\/de\/wp-json\/wp\/v2\/media\/3248"}],"wp:attachment":[{"href":"https:\/\/www.yssconsulting.com.tr\/de\/wp-json\/wp\/v2\/media?parent=3246"}],"curies":[{"name":"wp","href":"https:\/\/api.w.org\/{rel}","templated":true}]}}